{"id":8,"date":"2022-03-13T05:16:42","date_gmt":"2022-03-13T05:16:42","guid":{"rendered":"https:\/\/www.judeeliepresident.com\/donate\/?page_id=8"},"modified":"2024-05-05T19:38:08","modified_gmt":"2024-05-05T19:38:08","slug":"donate","status":"publish","type":"page","link":"https:\/\/www.judeeliepresident.com\/donate\/","title":{"rendered":""},"content":{"rendered":"\t\t<div data-elementor-type=\"wp-page\" data-elementor-id=\"8\" class=\"elementor elementor-8\">\n\t\t\t\t\t\t<section class=\"elementor-section elementor-top-section elementor-element elementor-element-3d7ec5b elementor-section-full_width elementor-section-height-default elementor-section-height-default\" data-id=\"3d7ec5b\" data-element_type=\"section\" data-settings=\"{&quot;background_background&quot;:&quot;classic&quot;}\">\n\t\t\t\t\t\t<div class=\"elementor-container elementor-column-gap-default\">\n\t\t\t\t\t<div class=\"elementor-column elementor-col-50 elementor-top-column elementor-element elementor-element-a25ed97\" data-id=\"a25ed97\" data-element_type=\"column\" data-settings=\"{&quot;background_background&quot;:&quot;gradient&quot;}\">\n\t\t\t<div class=\"elementor-widget-wrap elementor-element-populated\">\n\t\t\t\t\t\t<div class=\"elementor-element elementor-element-6b2ca02 elementor-widget elementor-widget-image\" data-id=\"6b2ca02\" data-element_type=\"widget\" data-widget_type=\"image.default\">\n\t\t\t\t<div class=\"elementor-widget-container\">\n\t\t\t\t\t\t\t\t\t\t\t\t\t\t\t<img fetchpriority=\"high\" decoding=\"async\" width=\"595\" height=\"599\" src=\"https:\/\/www.judeeliepresident.com\/donate\/wp-content\/uploads\/2024\/05\/Jude-Elie-Pro.png\" class=\"attachment-full size-full wp-image-200\" alt=\"\" srcset=\"https:\/\/www.judeeliepresident.com\/donate\/wp-content\/uploads\/2024\/05\/Jude-Elie-Pro.png 595w, https:\/\/www.judeeliepresident.com\/donate\/wp-content\/uploads\/2024\/05\/Jude-Elie-Pro-298x300.png 298w, https:\/\/www.judeeliepresident.com\/donate\/wp-content\/uploads\/2024\/05\/Jude-Elie-Pro-150x150.png 150w\" sizes=\"(max-width: 595px) 100vw, 595px\" \/>\t\t\t\t\t\t\t\t\t\t\t\t\t\t\t<\/div>\n\t\t\t\t<\/div>\n\t\t\t\t<div class=\"elementor-element elementor-element-e316685 elementor-widget__width-initial elementor-widget elementor-widget-heading\" data-id=\"e316685\" data-element_type=\"widget\" data-widget_type=\"heading.default\">\n\t\t\t\t<div class=\"elementor-widget-container\">\n\t\t\t\t\t<h5 class=\"elementor-heading-title elementor-size-default\">BECOME ONE OF OUR ONLINE DONORS<\/h5>\t\t\t\t<\/div>\n\t\t\t\t<\/div>\n\t\t\t\t<div class=\"elementor-element elementor-element-b41153d elementor-widget elementor-widget-wpforms\" data-id=\"b41153d\" data-element_type=\"widget\" data-widget_type=\"wpforms.default\">\n\t\t\t\t<div class=\"elementor-widget-container\">\n\t\t\t\t\t<div class=\"wpforms-container wpforms-container-full\" id=\"wpforms-7\"><form id=\"wpforms-form-7\" class=\"wpforms-validate wpforms-form wpforms-ajax-form\" data-formid=\"7\" method=\"post\" enctype=\"multipart\/form-data\" action=\"\/donate\/wp-json\/wp\/v2\/pages\/8\" data-token=\"e73059f1a58dce45ce690556f3d3e12e\"><noscript class=\"wpforms-error-noscript\">Please enable JavaScript in your browser to complete this form.<\/noscript><div class=\"wpforms-field-container\"><div id=\"wpforms-7-field_0-container\" class=\"wpforms-field wpforms-field-name\" data-field-id=\"0\"><label class=\"wpforms-field-label\" for=\"wpforms-7-field_0\">Full Name <span class=\"wpforms-required-label\">*<\/span><\/label><div class=\"wpforms-field-row wpforms-field-medium\"><div class=\"wpforms-field-row-block wpforms-first wpforms-one-half\"><input type=\"text\" id=\"wpforms-7-field_0\" class=\"wpforms-field-name-first wpforms-field-required\" name=\"wpforms[fields][0][first]\" required><label for=\"wpforms-7-field_0\" class=\"wpforms-field-sublabel after \">First<\/label><\/div><div class=\"wpforms-field-row-block wpforms-one-half\"><input type=\"text\" id=\"wpforms-7-field_0-last\" class=\"wpforms-field-name-last wpforms-field-required\" name=\"wpforms[fields][0][last]\" required><label for=\"wpforms-7-field_0-last\" class=\"wpforms-field-sublabel after \">Last<\/label><\/div><\/div><\/div><div id=\"wpforms-7-field_8-container\" class=\"wpforms-field wpforms-field-radio wpforms-list-2-columns wpforms-conditional-trigger\" data-field-id=\"8\"><label class=\"wpforms-field-label\" for=\"wpforms-7-field_8\">Would you like to be an anonymous donor?<\/label><ul id=\"wpforms-7-field_8\"><li class=\"choice-1 depth-1\"><input type=\"radio\" id=\"wpforms-7-field_8_1\" name=\"wpforms[fields][8]\" value=\"Yes\"  ><label class=\"wpforms-field-label-inline\" for=\"wpforms-7-field_8_1\">Yes<\/label><\/li><li class=\"choice-2 depth-1\"><input type=\"radio\" id=\"wpforms-7-field_8_2\" name=\"wpforms[fields][8]\" value=\"No\"  ><label class=\"wpforms-field-label-inline\" for=\"wpforms-7-field_8_2\">No<\/label><\/li><\/ul><\/div><div id=\"wpforms-7-field_9-container\" class=\"wpforms-field wpforms-field-html wpforms-conditional-field wpforms-conditional-show\" data-field-id=\"9\" style=\"display:none;\"><div id=\"wpforms-7-field_9\"><p>In order to process your donation, some identifying information (like your IP address) will be stored.<\/p><\/div><\/div><div id=\"wpforms-7-field_1-container\" class=\"wpforms-field wpforms-field-email\" data-field-id=\"1\"><label class=\"wpforms-field-label\" for=\"wpforms-7-field_1\">Email <span class=\"wpforms-required-label\">*<\/span><\/label><input type=\"email\" id=\"wpforms-7-field_1\" class=\"wpforms-field-medium wpforms-field-required\" name=\"wpforms[fields][1]\" required><\/div><div id=\"wpforms-7-field_6-container\" class=\"wpforms-field wpforms-field-phone\" data-field-id=\"6\"><label class=\"wpforms-field-label\" for=\"wpforms-7-field_6\">Phone <span class=\"wpforms-required-label\">*<\/span><\/label><input type=\"tel\" id=\"wpforms-7-field_6\" class=\"wpforms-field-medium wpforms-field-required wpforms-smart-phone-field\" data-rule-smart-phone-field=\"true\" name=\"wpforms[fields][6]\" required><\/div><div id=\"wpforms-7-field_7-container\" class=\"wpforms-field wpforms-field-select wpforms-field-select-style-classic\" data-field-id=\"7\"><label class=\"wpforms-field-label\" for=\"wpforms-7-field_7\">Donation Type<\/label><select id=\"wpforms-7-field_7\" class=\"wpforms-field-medium\" name=\"wpforms[fields][7]\"><option value=\"One Time\" >One Time<\/option><option value=\"Recurring\" >Recurring<\/option><\/select><\/div><div id=\"wpforms-7-field_10-container\" class=\"wpforms-field wpforms-field-payment-multiple wpforms-list-inline wpforms-conditional-trigger\" data-field-id=\"10\"><label class=\"wpforms-field-label\" for=\"wpforms-7-field_10\">Choose an amount: <span class=\"wpforms-required-label\">*<\/span><\/label><ul id=\"wpforms-7-field_10\" class=\"wpforms-field-required\"><li class=\"choice-1 wpforms-selected\"><input type=\"radio\" id=\"wpforms-7-field_10_1\" class=\"wpforms-payment-price\" data-amount=\"25.00\" name=\"wpforms[fields][10]\" value=\"1\" required  checked='checked'><label class=\"wpforms-field-label-inline\" for=\"wpforms-7-field_10_1\">$25<\/label><\/li><li class=\"choice-7\"><input type=\"radio\" id=\"wpforms-7-field_10_7\" class=\"wpforms-payment-price\" data-amount=\"50.00\" name=\"wpforms[fields][10]\" value=\"7\" required ><label class=\"wpforms-field-label-inline\" for=\"wpforms-7-field_10_7\">$50<\/label><\/li><li class=\"choice-8\"><input type=\"radio\" id=\"wpforms-7-field_10_8\" class=\"wpforms-payment-price\" data-amount=\"75.00\" name=\"wpforms[fields][10]\" value=\"8\" required ><label class=\"wpforms-field-label-inline\" for=\"wpforms-7-field_10_8\">$75<\/label><\/li><li class=\"choice-2\"><input type=\"radio\" id=\"wpforms-7-field_10_2\" class=\"wpforms-payment-price\" data-amount=\"100.00\" name=\"wpforms[fields][10]\" value=\"2\" required ><label class=\"wpforms-field-label-inline\" for=\"wpforms-7-field_10_2\">$100<\/label><\/li><li class=\"choice-9\"><input type=\"radio\" id=\"wpforms-7-field_10_9\" class=\"wpforms-payment-price\" data-amount=\"150.00\" name=\"wpforms[fields][10]\" value=\"9\" required ><label class=\"wpforms-field-label-inline\" for=\"wpforms-7-field_10_9\">$150<\/label><\/li><li class=\"choice-10\"><input type=\"radio\" id=\"wpforms-7-field_10_10\" class=\"wpforms-payment-price\" data-amount=\"200.00\" name=\"wpforms[fields][10]\" value=\"10\" required ><label class=\"wpforms-field-label-inline\" for=\"wpforms-7-field_10_10\">$200<\/label><\/li><li class=\"choice-3\"><input type=\"radio\" id=\"wpforms-7-field_10_3\" class=\"wpforms-payment-price\" data-amount=\"250.00\" name=\"wpforms[fields][10]\" value=\"3\" required ><label class=\"wpforms-field-label-inline\" for=\"wpforms-7-field_10_3\">$250<\/label><\/li><li class=\"choice-4\"><input type=\"radio\" id=\"wpforms-7-field_10_4\" class=\"wpforms-payment-price\" data-amount=\"1,000.00\" name=\"wpforms[fields][10]\" value=\"4\" required ><label class=\"wpforms-field-label-inline\" for=\"wpforms-7-field_10_4\">$1,000<\/label><\/li><li class=\"choice-11\"><input type=\"radio\" id=\"wpforms-7-field_10_11\" class=\"wpforms-payment-price\" data-amount=\"2,000.00\" name=\"wpforms[fields][10]\" value=\"11\" required ><label class=\"wpforms-field-label-inline\" for=\"wpforms-7-field_10_11\">$2000<\/label><\/li><li class=\"choice-5\"><input type=\"radio\" id=\"wpforms-7-field_10_5\" class=\"wpforms-payment-price\" data-amount=\"0.00\" name=\"wpforms[fields][10]\" value=\"5\" required ><label class=\"wpforms-field-label-inline\" for=\"wpforms-7-field_10_5\">Other<\/label><\/li><\/ul><\/div><div id=\"wpforms-7-field_2-container\" class=\"wpforms-field wpforms-field-payment-single wpforms-conditional-field wpforms-conditional-show\" data-field-id=\"2\" style=\"display:none;\"><input type=\"text\" id=\"wpforms-7-field_2\" class=\"wpforms-field-medium wpforms-payment-user-input wpforms-payment-price wpforms-field-medium\" data-rule-currency=\"[&quot;$&quot;,false]\" name=\"wpforms[fields][2]\"><\/div><div id=\"wpforms-7-field_4-container\" class=\"wpforms-field wpforms-field-radio wpforms-list-2-columns wpforms-conditional-trigger\" data-field-id=\"4\"><label class=\"wpforms-field-label\" for=\"wpforms-7-field_4\">Would you like to be involved in Jude Elie&#039;s campaign?<\/label><ul id=\"wpforms-7-field_4\"><li class=\"choice-1 depth-1\"><input type=\"radio\" id=\"wpforms-7-field_4_1\" name=\"wpforms[fields][4]\" value=\"Yes\"  ><label class=\"wpforms-field-label-inline\" for=\"wpforms-7-field_4_1\">Yes<\/label><\/li><li class=\"choice-2 depth-1\"><input type=\"radio\" id=\"wpforms-7-field_4_2\" name=\"wpforms[fields][4]\" value=\"No\"  ><label class=\"wpforms-field-label-inline\" for=\"wpforms-7-field_4_2\">No<\/label><\/li><\/ul><\/div><div id=\"wpforms-7-field_11-container\" class=\"wpforms-field wpforms-field-radio\" data-field-id=\"11\"><label class=\"wpforms-field-label\" for=\"wpforms-7-field_11\">How did you hear about me?<\/label><ul id=\"wpforms-7-field_11\"><li class=\"choice-1 depth-1\"><input type=\"radio\" id=\"wpforms-7-field_11_1\" name=\"wpforms[fields][11]\" value=\"Media\"  ><label class=\"wpforms-field-label-inline\" for=\"wpforms-7-field_11_1\">Media<\/label><\/li><li class=\"choice-2 depth-1\"><input type=\"radio\" id=\"wpforms-7-field_11_2\" name=\"wpforms[fields][11]\" value=\"Friends\"  ><label class=\"wpforms-field-label-inline\" for=\"wpforms-7-field_11_2\">Friends<\/label><\/li><\/ul><\/div><div id=\"wpforms-7-field_5-container\" class=\"wpforms-field wpforms-field-name wpforms-conditional-field wpforms-conditional-show\" data-field-id=\"5\" style=\"display:none;\"><label class=\"wpforms-field-label\" for=\"wpforms-7-field_5\">What motivates you? <span class=\"wpforms-required-label\">*<\/span><\/label><input type=\"text\" id=\"wpforms-7-field_5\" class=\"wpforms-field-medium wpforms-field-required\" name=\"wpforms[fields][5]\" required><\/div><\/div><div class=\"wpforms-submit-container\"><input type=\"hidden\" name=\"wpforms[id]\" value=\"7\"><input type=\"hidden\" name=\"wpforms[author]\" value=\"1\"><button type=\"submit\" name=\"wpforms[submit]\" id=\"wpforms-submit-7\" class=\"wpforms-submit\" data-alt-text=\"Sending...\" data-submit-text=\"Submit\" aria-live=\"assertive\" value=\"wpforms-submit\">Submit<\/button><img decoding=\"async\" src=\"https:\/\/www.judeeliepresident.com\/donate\/wp-content\/plugins\/wpforms\/assets\/images\/submit-spin.svg\" class=\"wpforms-submit-spinner\" style=\"display: none;\" width=\"26\" height=\"26\" alt=\"\"><\/div><\/form><\/div>  <!-- .wpforms-container -->\t\t\t\t<\/div>\n\t\t\t\t<\/div>\n\t\t\t\t\t<\/div>\n\t\t<\/div>\n\t\t\t\t<div class=\"elementor-column elementor-col-50 elementor-top-column elementor-element elementor-element-1b117dc sticky-parent\" data-id=\"1b117dc\" data-element_type=\"column\" data-settings=\"{&quot;background_background&quot;:&quot;classic&quot;}\">\n\t\t\t<div class=\"elementor-widget-wrap elementor-element-populated\">\n\t\t\t\t\t\t<section class=\"elementor-section elementor-inner-section elementor-element elementor-element-e7ca34a elementor-section-full_width elementor-section-content-middle elementor-section-height-default elementor-section-height-default\" data-id=\"e7ca34a\" data-element_type=\"section\">\n\t\t\t\t\t\t<div class=\"elementor-container elementor-column-gap-default\">\n\t\t\t\t\t<div class=\"elementor-column elementor-col-16 elementor-inner-column elementor-element elementor-element-841f783\" data-id=\"841f783\" data-element_type=\"column\">\n\t\t\t<div class=\"elementor-widget-wrap\">\n\t\t\t\t\t\t\t<\/div>\n\t\t<\/div>\n\t\t\t\t<div class=\"elementor-column elementor-col-66 elementor-inner-column elementor-element elementor-element-a54fb7c\" data-id=\"a54fb7c\" data-element_type=\"column\">\n\t\t\t<div class=\"elementor-widget-wrap elementor-element-populated\">\n\t\t\t\t\t\t<div class=\"elementor-element elementor-element-3465c72 sticky-column elementor-hidden-mobile elementor-widget__width-initial elementor-widget elementor-widget-image\" data-id=\"3465c72\" data-element_type=\"widget\" data-widget_type=\"image.default\">\n\t\t\t\t<div class=\"elementor-widget-container\">\n\t\t\t\t\t\t\t\t\t\t\t\t\t\t\t<img decoding=\"async\" width=\"800\" height=\"528\" src=\"https:\/\/www.judeeliepresident.com\/donate\/wp-content\/uploads\/2022\/03\/Jude-Walp.png\" class=\"attachment-large size-large wp-image-54\" alt=\"\" srcset=\"https:\/\/www.judeeliepresident.com\/donate\/wp-content\/uploads\/2022\/03\/Jude-Walp.png 1024w, https:\/\/www.judeeliepresident.com\/donate\/wp-content\/uploads\/2022\/03\/Jude-Walp-300x198.png 300w, https:\/\/www.judeeliepresident.com\/donate\/wp-content\/uploads\/2022\/03\/Jude-Walp-768x507.png 768w\" sizes=\"(max-width: 800px) 100vw, 800px\" \/>\t\t\t\t\t\t\t\t\t\t\t\t\t\t\t<\/div>\n\t\t\t\t<\/div>\n\t\t\t\t\t<\/div>\n\t\t<\/div>\n\t\t\t\t<div class=\"elementor-column elementor-col-16 elementor-inner-column elementor-element elementor-element-a683a3c\" data-id=\"a683a3c\" data-element_type=\"column\">\n\t\t\t<div class=\"elementor-widget-wrap\">\n\t\t\t\t\t\t\t<\/div>\n\t\t<\/div>\n\t\t\t\t\t<\/div>\n\t\t<\/section>\n\t\t\t\t\t<\/div>\n\t\t<\/div>\n\t\t\t\t\t<\/div>\n\t\t<\/section>\n\t\t\t\t<section class=\"elementor-section elementor-top-section elementor-element elementor-element-5e2f770 elementor-section-full_width elementor-section-height-default elementor-section-height-default\" data-id=\"5e2f770\" data-element_type=\"section\" data-settings=\"{&quot;background_background&quot;:&quot;classic&quot;}\">\n\t\t\t\t\t\t<div class=\"elementor-container elementor-column-gap-default\">\n\t\t\t\t\t<div class=\"elementor-column elementor-col-100 elementor-top-column elementor-element elementor-element-354c697\" data-id=\"354c697\" data-element_type=\"column\" data-settings=\"{&quot;background_background&quot;:&quot;classic&quot;}\">\n\t\t\t<div class=\"elementor-widget-wrap elementor-element-populated\">\n\t\t\t\t\t\t<section class=\"elementor-section elementor-inner-section elementor-element elementor-element-af84e08 elementor-section-boxed elementor-section-height-default elementor-section-height-default\" data-id=\"af84e08\" data-element_type=\"section\">\n\t\t\t\t\t\t<div class=\"elementor-container elementor-column-gap-default\">\n\t\t\t\t\t<div class=\"elementor-column elementor-col-100 elementor-inner-column elementor-element elementor-element-af675a6\" data-id=\"af675a6\" data-element_type=\"column\">\n\t\t\t<div class=\"elementor-widget-wrap elementor-element-populated\">\n\t\t\t\t\t\t<div class=\"elementor-element elementor-element-e1e7b0a elementor-tabs-view-horizontal elementor-widget elementor-widget-tabs\" data-id=\"e1e7b0a\" data-element_type=\"widget\" data-widget_type=\"tabs.default\">\n\t\t\t\t<div class=\"elementor-widget-container\">\n\t\t\t\t\t\t\t<div class=\"elementor-tabs\">\n\t\t\t<div class=\"elementor-tabs-wrapper\" role=\"tablist\" >\n\t\t\t\t\t\t\t\t\t<div id=\"elementor-tab-title-2361\" class=\"elementor-tab-title elementor-tab-desktop-title\" aria-selected=\"true\" data-tab=\"1\" role=\"tab\" tabindex=\"0\" aria-controls=\"elementor-tab-content-2361\" aria-expanded=\"false\">- Read in English<\/div>\n\t\t\t\t\t\t\t\t\t<div id=\"elementor-tab-title-2362\" class=\"elementor-tab-title elementor-tab-desktop-title\" aria-selected=\"false\" data-tab=\"2\" role=\"tab\" tabindex=\"-1\" aria-controls=\"elementor-tab-content-2362\" aria-expanded=\"false\">- Lire en Fran\u00e7ais<\/div>\n\t\t\t\t\t\t\t<\/div>\n\t\t\t<div class=\"elementor-tabs-content-wrapper\" role=\"tablist\" aria-orientation=\"vertical\">\n\t\t\t\t\t\t\t\t\t<div class=\"elementor-tab-title elementor-tab-mobile-title\" aria-selected=\"true\" data-tab=\"1\" role=\"tab\" tabindex=\"0\" aria-controls=\"elementor-tab-content-2361\" aria-expanded=\"false\">- Read in English<\/div>\n\t\t\t\t\t<div id=\"elementor-tab-content-2361\" class=\"elementor-tab-content elementor-clearfix\" data-tab=\"1\" role=\"tabpanel\" aria-labelledby=\"elementor-tab-title-2361\" tabindex=\"0\" hidden=\"false\"><p><strong>Jude ELIE<\/strong> is a true Unifier that is a candidate for the Presidential seat of Haiti. ELIE appeals to the most underserved and working-class individuals. He works tirelessly to alleviate the load of the common person. With your help and support, he will become the People\u2019s President and will champion the following:<\/p><ul><li>Ensure that the Rule of Law is enforced in the country<\/li><li>Reestablish safety and security for all<\/li><li>Restore the sentiment of community and belonging<\/li><li>Improve the delivery and accessibility of adequate healthcare to all<\/li><li>Reduce Government economic waste<\/li><li>Implement digital economy<\/li><li>Create new employment opportunities<\/li><li>Enact laws for the protection of women and children<\/li><li>Ensure collection of state taxes<\/li><li>Introduce new technologies<\/li><li>Build safe roads and bridges<\/li><li>Create new Maritime and Railroad access between cities<\/li><li>Provide access to proper education to all<\/li><li>Open technical schools in all cities<\/li><li>Promote Green and Blue Energy<\/li><\/ul><p>There are many reasons to elect ELIE as President of Haiti. Jude ELIE needs the teamwork of everyone that dreams of a better Haiti. Please make a donation today and feel confident that this is one of the best investments you are making. With Jude ELIE as President of Haiti, HA\u00cfTI will REGAIN it&#8217;s PRIDE and its DIGNITY.<br \/><strong><em><br \/>TOGETHER, LET\u2019S MAKE HA\u00cfTI STRONG.<\/em><\/strong><\/p><\/div>\n\t\t\t\t\t\t\t\t\t<div class=\"elementor-tab-title elementor-tab-mobile-title\" aria-selected=\"false\" data-tab=\"2\" role=\"tab\" tabindex=\"-1\" aria-controls=\"elementor-tab-content-2362\" aria-expanded=\"false\">- Lire en Fran\u00e7ais<\/div>\n\t\t\t\t\t<div id=\"elementor-tab-content-2362\" class=\"elementor-tab-content elementor-clearfix\" data-tab=\"2\" role=\"tabpanel\" aria-labelledby=\"elementor-tab-title-2362\" tabindex=\"0\" hidden=\"hidden\"><p><strong>Jude ELIE<\/strong> est un vrai rassembleur qui est candidat \u00e0 la Pr\u00e9sidence d&#8217;Ha\u00efti. ELIE s&#8217;adresse aux personnes les plus mal desservies et de la classe ouvri\u00e8re. Il travaille sans rel\u00e2che pour all\u00e9ger la charge du commun des mortels. Avec votre aide et votre soutien, il deviendra le pr\u00e9sident du peuple et d\u00e9fendra ce qui suit\u00a0:<\/p><ul><li>Veiller \u00e0 ce que l&#8217;\u00e9tat de droit soit appliqu\u00e9 dans le pays<\/li><li>R\u00e9tablir la s\u00fbret\u00e9 et la s\u00e9curit\u00e9 pour tous<\/li><li>Restaurer le sentiment de communaut\u00e9 et d&#8217;appartenance<\/li><li>Am\u00e9liorer la prestation et l&#8217;accessibilit\u00e9 de soins de sant\u00e9 ad\u00e9quats pour tous<\/li><li>R\u00e9duire le gaspillage \u00e9conomique du gouvernement<\/li><li>Mettre en place l&#8217;\u00e9conomie num\u00e9rique<\/li><li>Cr\u00e9er de nouvelles opportunit\u00e9s d&#8217;emploi<\/li><li>Adopter des lois pour la protection des femmes et des enfant<\/li><li>Assurer le recouvrement des imp\u00f4ts de l&#8217;Etat<\/li><li>Introduire de nouvelles technologies<\/li><li>Construire des routes et des ponts s\u00fbrs<\/li><li>Cr\u00e9er de nouveaux acc\u00e8s maritimes et ferroviaires entre les villes<\/li><li>Donner acc\u00e8s \u00e0 une bonne \u00e9ducation \u00e0 tous<\/li><li>Ouvrir des \u00e9coles techniques dans toutes les villes<\/li><li>Promouvoir l&#8217;\u00e9nergie verte et bleue<\/li><\/ul><p>Il existe de nombreuses raisons d&#8217;\u00e9lire ELIE \u00e0 la pr\u00e9sidence d&#8217;Ha\u00efti. Jude ELIE a besoin du travail d&#8217;\u00e9quipe de tous ceux qui r\u00eavent d&#8217;une Ha\u00efti meilleure. Veuillez faire un don aujourd&#8217;hui et soyez s\u00fbr que c&#8217;est l&#8217;un des meilleurs investissements que vous faites. Avec Jude ELIE comme Pr\u00e9sident d&#8217;Ha\u00efti, HA\u00cfTI REGAGNERA sa FIERT\u00c9 et sa DIGNIT\u00c9.<br \/><em><strong>ENSEMBLE RENDONS HA\u00cfTI FORT.<\/strong><\/em><\/p><\/div>\n\t\t\t\t\t\t\t<\/div>\n\t\t<\/div>\n\t\t\t\t\t\t<\/div>\n\t\t\t\t<\/div>\n\t\t\t\t\t<\/div>\n\t\t<\/div>\n\t\t\t\t\t<\/div>\n\t\t<\/section>\n\t\t\t\t\t<\/div>\n\t\t<\/div>\n\t\t\t\t\t<\/div>\n\t\t<\/section>\n\t\t\t\t<section class=\"elementor-section elementor-top-section elementor-element elementor-element-22cd89c elementor-section-full_width elementor-section-height-default elementor-section-height-default\" data-id=\"22cd89c\" data-element_type=\"section\" data-settings=\"{&quot;background_background&quot;:&quot;classic&quot;}\">\n\t\t\t\t\t\t<div class=\"elementor-container elementor-column-gap-default\">\n\t\t\t\t\t<div class=\"elementor-column elementor-col-100 elementor-top-column elementor-element elementor-element-ed5187e\" data-id=\"ed5187e\" data-element_type=\"column\" data-settings=\"{&quot;background_background&quot;:&quot;gradient&quot;}\">\n\t\t\t<div class=\"elementor-widget-wrap elementor-element-populated\">\n\t\t\t\t\t\t<section class=\"elementor-section elementor-inner-section elementor-element elementor-element-23d903d elementor-section-boxed elementor-section-height-default elementor-section-height-default\" data-id=\"23d903d\" data-element_type=\"section\">\n\t\t\t\t\t\t<div class=\"elementor-container elementor-column-gap-default\">\n\t\t\t\t\t<div class=\"elementor-column elementor-col-33 elementor-inner-column elementor-element elementor-element-a3b474d\" data-id=\"a3b474d\" data-element_type=\"column\">\n\t\t\t<div class=\"elementor-widget-wrap elementor-element-populated\">\n\t\t\t\t\t\t<div class=\"elementor-element elementor-element-00cc030 elementor-widget elementor-widget-image\" data-id=\"00cc030\" data-element_type=\"widget\" data-widget_type=\"image.default\">\n\t\t\t\t<div class=\"elementor-widget-container\">\n\t\t\t\t\t\t\t\t\t\t\t\t\t\t\t<img loading=\"lazy\" decoding=\"async\" width=\"150\" height=\"150\" src=\"https:\/\/www.judeeliepresident.com\/donate\/wp-content\/uploads\/2022\/04\/Cash-app-150x150.jpg\" class=\"attachment-thumbnail size-thumbnail wp-image-87\" alt=\"\" \/>\t\t\t\t\t\t\t\t\t\t\t\t\t\t\t<\/div>\n\t\t\t\t<\/div>\n\t\t\t\t\t<\/div>\n\t\t<\/div>\n\t\t\t\t<div class=\"elementor-column elementor-col-33 elementor-inner-column elementor-element elementor-element-9dc45c7\" data-id=\"9dc45c7\" data-element_type=\"column\">\n\t\t\t<div class=\"elementor-widget-wrap elementor-element-populated\">\n\t\t\t\t\t\t<div class=\"elementor-element elementor-element-5ec0e38 elementor-widget elementor-widget-image\" data-id=\"5ec0e38\" data-element_type=\"widget\" data-widget_type=\"image.default\">\n\t\t\t\t<div class=\"elementor-widget-container\">\n\t\t\t\t\t\t\t\t\t\t\t\t\t\t\t<img loading=\"lazy\" decoding=\"async\" width=\"150\" height=\"150\" src=\"https:\/\/www.judeeliepresident.com\/donate\/wp-content\/uploads\/2022\/04\/VENMO-150x150.jpg\" class=\"attachment-thumbnail size-thumbnail wp-image-89\" alt=\"\" \/>\t\t\t\t\t\t\t\t\t\t\t\t\t\t\t<\/div>\n\t\t\t\t<\/div>\n\t\t\t\t\t<\/div>\n\t\t<\/div>\n\t\t\t\t<div class=\"elementor-column elementor-col-33 elementor-inner-column elementor-element elementor-element-0b7d919\" data-id=\"0b7d919\" data-element_type=\"column\">\n\t\t\t<div class=\"elementor-widget-wrap elementor-element-populated\">\n\t\t\t\t\t\t<div class=\"elementor-element elementor-element-98be259 elementor-widget elementor-widget-image\" data-id=\"98be259\" data-element_type=\"widget\" data-widget_type=\"image.default\">\n\t\t\t\t<div class=\"elementor-widget-container\">\n\t\t\t\t\t\t\t\t\t\t\t\t\t\t\t<img loading=\"lazy\" decoding=\"async\" width=\"150\" height=\"150\" src=\"https:\/\/www.judeeliepresident.com\/donate\/wp-content\/uploads\/2022\/04\/GOOGLE-PAY-150x150.jpg\" class=\"attachment-thumbnail size-thumbnail wp-image-81\" alt=\"\" \/>\t\t\t\t\t\t\t\t\t\t\t\t\t\t\t<\/div>\n\t\t\t\t<\/div>\n\t\t\t\t\t<\/div>\n\t\t<\/div>\n\t\t\t\t\t<\/div>\n\t\t<\/section>\n\t\t\t\t\t<\/div>\n\t\t<\/div>\n\t\t\t\t\t<\/div>\n\t\t<\/section>\n\t\t\t\t<\/div>\n\t\t","protected":false},"excerpt":{"rendered":"<p>BECOME ONE OF OUR ONLINE DONORS &#8211; Read in English &#8211; Lire en Fran\u00e7ais &#8211; Read in English Jude ELIE is a true Unifier that is a candidate for the Presidential seat of Haiti. ELIE appeals to the most underserved and working-class individuals. He works tirelessly to alleviate the load of the common person. With [&hellip;]<\/p>\n","protected":false},"author":1,"featured_media":53,"parent":0,"menu_order":0,"comment_status":"closed","ping_status":"closed","template":"elementor_canvas","meta":{"footnotes":""},"class_list":["post-8","page","type-page","status-publish","has-post-thumbnail","hentry"],"jetpack_sharing_enabled":true,"_links":{"self":[{"href":"https:\/\/www.judeeliepresident.com\/donate\/wp-json\/wp\/v2\/pages\/8","targetHints":{"allow":["GET"]}}],"collection":[{"href":"https:\/\/www.judeeliepresident.com\/donate\/wp-json\/wp\/v2\/pages"}],"about":[{"href":"https:\/\/www.judeeliepresident.com\/donate\/wp-json\/wp\/v2\/types\/page"}],"author":[{"embeddable":true,"href":"https:\/\/www.judeeliepresident.com\/donate\/wp-json\/wp\/v2\/users\/1"}],"replies":[{"embeddable":true,"href":"https:\/\/www.judeeliepresident.com\/donate\/wp-json\/wp\/v2\/comments?post=8"}],"version-history":[{"count":124,"href":"https:\/\/www.judeeliepresident.com\/donate\/wp-json\/wp\/v2\/pages\/8\/revisions"}],"predecessor-version":[{"id":209,"href":"https:\/\/www.judeeliepresident.com\/donate\/wp-json\/wp\/v2\/pages\/8\/revisions\/209"}],"wp:featuredmedia":[{"embeddable":true,"href":"https:\/\/www.judeeliepresident.com\/donate\/wp-json\/wp\/v2\/media\/53"}],"wp:attachment":[{"href":"https:\/\/www.judeeliepresident.com\/donate\/wp-json\/wp\/v2\/media?parent=8"}],"curies":[{"name":"wp","href":"https:\/\/api.w.org\/{rel}","templated":true}]}}